{"id":46252,"date":"2021-11-24T15:44:14","date_gmt":"2021-11-24T14:44:14","guid":{"rendered":"https:\/\/terrahominis.com\/medling-i-konsumenttvister\/"},"modified":"2025-04-16T14:18:52","modified_gmt":"2025-04-16T12:18:52","slug":"medling-i-konsumenttvister","status":"publish","type":"page","link":"https:\/\/terrahominis.com\/sv\/medling-i-konsumenttvister\/","title":{"rendered":"Medling i konsumenttvister"},"content":{"rendered":"\n<p><strong>Medling i konsumenttvister<\/strong><\/p>\n\n<p>I enlighet med artiklarna L611-1 och f\u00f6ljande och R612-1 och f\u00f6ljande i den franska konsumentlagen f\u00f6reskrivs att konsumenten, i h\u00e4ndelse av en avtalstvist som r\u00f6r genomf\u00f6randet av f\u00f6rs\u00e4ljningsavtalet och\/eller tillhandah\u00e5llandet av tj\u00e4nster som inte kan l\u00f6sas genom ett klagom\u00e5l som tidigare l\u00e4mnats in till v\u00e5r kundtj\u00e4nst, kan anv\u00e4nda sig av kostnadsfri medling. Konsumenten ska kontakta Association Nationale des M\u00e9diateurs (ANM) antingen per post p\u00e5 62 rue Tiquetonne 75002 PARIS eller per e-post genom att fylla i onlineformul\u00e4ret p\u00e5 f\u00f6ljande adress <a href=\"https:\/\/www.anm-conso.com\">www.anm-conso.com.<\/a> <\/p>\n\n<p>Vid tvister som uppst\u00e5r till f\u00f6ljd av k\u00f6peavtal online kan du bes\u00f6ka den <a href=\"https:\/\/ec.europa.eu\/consumers\/odr\/main\/index.cfm?event=main.home2.show&amp;lng=FR\">europeiska plattformen f\u00f6r tvistl\u00f6sning online<\/a>.<\/p>\n\n<p>F\u00f6r mer information: <a href=\"www.economie.gouv.fr\/mediation-conso\">www.economie.gouv.fr\/mediation-conso<\/a><\/p>\n","protected":false},"excerpt":{"rendered":"<p>Medling i konsumenttvister I enlighet med artiklarna L611-1 och f\u00f6ljande och R612-1 och f\u00f6ljande i den franska konsumentlagen f\u00f6reskrivs att konsumenten, i h\u00e4ndelse av en avtalstvist som r\u00f6r genomf\u00f6randet av f\u00f6rs\u00e4ljningsavtalet och\/eller tillhandah\u00e5llandet av tj\u00e4nster som inte kan l\u00f6sas genom ett klagom\u00e5l som tidigare l\u00e4mnats in till v\u00e5r kundtj\u00e4nst, kan anv\u00e4nda sig av kostnadsfri medling. [&hellip;]<\/p>\n","protected":false},"author":6,"featured_media":0,"parent":0,"menu_order":0,"comment_status":"closed","ping_status":"closed","template":"","meta":{"_seopress_robots_primary_cat":"","_seopress_titles_title":"Medling i konsumenttvister","_seopress_titles_desc":"Terra Hominis har inr\u00e4ttat ett medlingssystem f\u00f6r konsumenttvister. F\u00f6r att ta reda p\u00e5 mer, bes\u00f6k sidan. ","_seopress_robots_index":"","footnotes":""},"class_list":["post-46252","page","type-page","status-publish","hentry"],"_links":{"self":[{"href":"https:\/\/terrahominis.com\/sv\/wp-json\/wp\/v2\/pages\/46252","targetHints":{"allow":["GET"]}}],"collection":[{"href":"https:\/\/terrahominis.com\/sv\/wp-json\/wp\/v2\/pages"}],"about":[{"href":"https:\/\/terrahominis.com\/sv\/wp-json\/wp\/v2\/types\/page"}],"author":[{"embeddable":true,"href":"https:\/\/terrahominis.com\/sv\/wp-json\/wp\/v2\/users\/6"}],"replies":[{"embeddable":true,"href":"https:\/\/terrahominis.com\/sv\/wp-json\/wp\/v2\/comments?post=46252"}],"version-history":[{"count":0,"href":"https:\/\/terrahominis.com\/sv\/wp-json\/wp\/v2\/pages\/46252\/revisions"}],"wp:attachment":[{"href":"https:\/\/terrahominis.com\/sv\/wp-json\/wp\/v2\/media?parent=46252"}],"curies":[{"name":"wp","href":"https:\/\/api.w.org\/{rel}","templated":true}]}}